{"id":30,"date":"2018-03-01T21:16:08","date_gmt":"2018-03-01T21:16:08","guid":{"rendered":"http:\/\/familiecampingstory.de\/?page_id=30"},"modified":"2018-03-01T21:16:08","modified_gmt":"2018-03-01T21:16:08","slug":"ueber-diesen-blog","status":"publish","type":"page","link":"https:\/\/familiecampingstory.de\/?page_id=30","title":{"rendered":"\u00dcber diesen Blog"},"content":{"rendered":"<p>Diese Seite soll diejenigen die es interessiert \u00fcber unsere Reisen und Erfahrungen informieren. Wir m\u00f6chten Erlebnisse und Abenteuer teilen und vielleicht im Laufe der Zeit auch den ein oder anderen Tipp weitergeben.<\/p>\n<p>Wir m\u00f6chten damit unsere Erinnerungen erlebbar machen und uns selber immer wieder zum betrachten, schmunzeln und tr\u00e4umen einladen.<\/p>\n<p>Nicht mehr und nicht weniger.<\/p>\n<p>Viel Spa\u00df beim Lesen und St\u00f6bern.<\/p>\n","protected":false},"excerpt":{"rendered":"<p>Diese Seite soll diejenigen die es interessiert \u00fcber unsere Reisen und Erfahrungen informieren. Wir m\u00f6chten Erlebnisse und Abenteuer teilen und vielleicht im Laufe der Zeit auch den ein oder anderen Tipp weitergeben. Wir m\u00f6chten damit unsere Erinnerungen erlebbar machen und uns selber immer wieder zum [&hellip;]<\/p>\n","protected":false},"author":1,"featured_media":0,"parent":0,"menu_order":0,"comment_status":"closed","ping_status":"closed","template":"","meta":{"ngg_post_thumbnail":0,"footnotes":""},"_links":{"self":[{"href":"https:\/\/familiecampingstory.de\/index.php?rest_route=\/wp\/v2\/pages\/30"}],"collection":[{"href":"https:\/\/familiecampingstory.de\/index.php?rest_route=\/wp\/v2\/pages"}],"about":[{"href":"https:\/\/familiecampingstory.de\/index.php?rest_route=\/wp\/v2\/types\/page"}],"author":[{"embeddable":true,"href":"https:\/\/familiecampingstory.de\/index.php?rest_route=\/wp\/v2\/users\/1"}],"replies":[{"embeddable":true,"href":"https:\/\/familiecampingstory.de\/index.php?rest_route=%2Fwp%2Fv2%2Fcomments&post=30"}],"version-history":[{"count":2,"href":"https:\/\/familiecampingstory.de\/index.php?rest_route=\/wp\/v2\/pages\/30\/revisions"}],"predecessor-version":[{"id":32,"href":"https:\/\/familiecampingstory.de\/index.php?rest_route=\/wp\/v2\/pages\/30\/revisions\/32"}],"wp:attachment":[{"href":"https:\/\/familiecampingstory.de\/index.php?rest_route=%2Fwp%2Fv2%2Fmedia&parent=30"}],"curies":[{"name":"wp","href":"https:\/\/api.w.org\/{rel}","templated":true}]}}