{"id":2,"date":"2016-05-10T03:48:21","date_gmt":"2016-05-10T03:48:21","guid":{"rendered":"http:\/\/familiecampingstory.de\/?page_id=2"},"modified":"2024-04-01T07:47:10","modified_gmt":"2024-04-01T07:47:10","slug":"sample-page","status":"publish","type":"page","link":"https:\/\/familiecampingstory.de\/?page_id=2","title":{"rendered":"Campingpl\u00e4tze"},"content":{"rendered":"<p>Hier m\u00f6chten wir euch einfach eine Auflistung von Campingpl\u00e4tzen geben, die wir besucht und genutzt haben. Ein kurzer Eindruck von uns, ganz subjektiv und unbezahlt ohne jede Werbung.<\/p>\n<p>&nbsp;<\/p>\n\n\n<div class=\"wp-block-query is-layout-flow wp-block-query-is-layout-flow\"><ul class=\"columns-3 wp-block-post-template is-layout-grid wp-container-core-post-template-layout-1 wp-block-post-template-is-layout-grid\"><li class=\"wp-block-post post-651 post type-post status-publish format-standard has-post-thumbnail hentry category-campingplatz tag-breisgau tag-camping tag-caravan tag-erholung tag-kaiserstuhl tag-urlaub\">\n<h2 class=\"wp-block-post-title\"><a href=\"https:\/\/familiecampingstory.de\/?p=651\" target=\"_self\" >Kaiserstuhl Camping (D)<\/a><\/h2>\n\n<div class=\"wp-block-post-date\"><time datetime=\"2024-04-01T07:42:17+00:00\">1. April 2024<\/time><\/div>\n<\/li><li class=\"wp-block-post post-606 post type-post status-publish format-standard hentry category-campingplatz\">\n<h2 class=\"wp-block-post-title\"><a href=\"https:\/\/familiecampingstory.de\/?p=606\" target=\"_self\" >Dalsk\u00e4rs Camping (SWE)<\/a><\/h2>\n\n<div class=\"wp-block-post-date\"><time datetime=\"2000-02-15T20:22:00+00:00\">15. Februar 2000<\/time><\/div>\n<\/li><\/ul><\/div>\n\n\n\n<p><\/p>\n","protected":false},"excerpt":{"rendered":"<p>Hier m\u00f6chten wir euch einfach eine Auflistung von Campingpl\u00e4tzen geben, die wir besucht und genutzt haben. Ein kurzer Eindruck von uns, ganz subjektiv und unbezahlt ohne jede Werbung. &nbsp;<\/p>\n","protected":false},"author":1,"featured_media":0,"parent":0,"menu_order":0,"comment_status":"closed","ping_status":"open","template":"","meta":{"ngg_post_thumbnail":0,"footnotes":""},"_links":{"self":[{"href":"https:\/\/familiecampingstory.de\/index.php?rest_route=\/wp\/v2\/pages\/2"}],"collection":[{"href":"https:\/\/familiecampingstory.de\/index.php?rest_route=\/wp\/v2\/pages"}],"about":[{"href":"https:\/\/familiecampingstory.de\/index.php?rest_route=\/wp\/v2\/types\/page"}],"author":[{"embeddable":true,"href":"https:\/\/familiecampingstory.de\/index.php?rest_route=\/wp\/v2\/users\/1"}],"replies":[{"embeddable":true,"href":"https:\/\/familiecampingstory.de\/index.php?rest_route=%2Fwp%2Fv2%2Fcomments&post=2"}],"version-history":[{"count":6,"href":"https:\/\/familiecampingstory.de\/index.php?rest_route=\/wp\/v2\/pages\/2\/revisions"}],"predecessor-version":[{"id":658,"href":"https:\/\/familiecampingstory.de\/index.php?rest_route=\/wp\/v2\/pages\/2\/revisions\/658"}],"wp:attachment":[{"href":"https:\/\/familiecampingstory.de\/index.php?rest_route=%2Fwp%2Fv2%2Fmedia&parent=2"}],"curies":[{"name":"wp","href":"https:\/\/api.w.org\/{rel}","templated":true}]}}